{"id":52,"date":"2022-03-24T22:01:25","date_gmt":"2022-03-24T21:01:25","guid":{"rendered":"http:\/\/localhost\/?page_id=52"},"modified":"2023-01-03T11:12:07","modified_gmt":"2023-01-03T11:12:07","slug":"anfahrt","status":"publish","type":"page","link":"https:\/\/aloniro.com\/en\/anfahrt\/","title":{"rendered":"Arrival"},"content":{"rendered":"<div data-elementor-type=\"wp-page\" data-elementor-id=\"52\" class=\"elementor elementor-52\">\n\t\t\t\t\t\t<section class=\"elementor-section elementor-top-section elementor-element elementor-element-91e1116 elementor-section-height-min-height elementor-section-boxed elementor-section-height-default elementor-section-items-middle\" data-id=\"91e1116\" data-element_type=\"section\" data-settings=\"{&quot;background_background&quot;:&quot;classic&quot;}\">\n\t\t\t\t\t\t\t<div class=\"elementor-background-overlay\"><\/div>\n\t\t\t\t\t\t\t<div class=\"elementor-container elementor-column-gap-default\">\n\t\t\t\t\t<div class=\"elementor-column elementor-col-100 elementor-top-column elementor-element elementor-element-fd9218e\" data-id=\"fd9218e\" data-element_type=\"column\">\n\t\t\t<div class=\"elementor-widget-wrap elementor-element-populated\">\n\t\t\t\t\t\t<div class=\"elementor-element elementor-element-751b2e3 elementor-widget elementor-widget-spacer\" data-id=\"751b2e3\" data-element_type=\"widget\" data-widget_type=\"spacer.default\">\n\t\t\t\t<div class=\"elementor-widget-container\">\n\t\t\t\t\t\t\t<div class=\"elementor-spacer\">\n\t\t\t<div class=\"elementor-spacer-inner\"><\/div>\n\t\t<\/div>\n\t\t\t\t\t\t<\/div>\n\t\t\t\t<\/div>\n\t\t\t\t<div class=\"elementor-element elementor-element-8849840 elementor-widget elementor-widget-heading\" data-id=\"8849840\" data-element_type=\"widget\" data-widget_type=\"heading.default\">\n\t\t\t\t<div class=\"elementor-widget-container\">\n\t\t\t\t\t<h2 class=\"elementor-heading-title elementor-size-default\">Wie Sie uns finden<\/h2>\t\t\t\t<\/div>\n\t\t\t\t<\/div>\n\t\t\t\t\t<\/div>\n\t\t<\/div>\n\t\t\t\t\t<\/div>\n\t\t<\/section>\n\t\t\t\t<section class=\"elementor-section elementor-top-section elementor-element elementor-element-12ed8837 elementor-section-height-min-height elementor-section-boxed elementor-section-height-default elementor-section-items-middle\" data-id=\"12ed8837\" data-element_type=\"section\" data-settings=\"{&quot;background_background&quot;:&quot;classic&quot;}\">\n\t\t\t\t\t\t\t<div class=\"elementor-background-overlay\"><\/div>\n\t\t\t\t\t\t\t<div class=\"elementor-container elementor-column-gap-default\">\n\t\t\t\t\t<div class=\"elementor-column elementor-col-50 elementor-top-column elementor-element elementor-element-58f758e4\" data-id=\"58f758e4\" data-element_type=\"column\">\n\t\t\t<div class=\"elementor-widget-wrap elementor-element-populated\">\n\t\t\t\t\t\t<div class=\"elementor-element elementor-element-56d70bc elementor-invisible elementor-widget elementor-widget-google_maps\" data-id=\"56d70bc\" data-element_type=\"widget\" data-settings=\"{&quot;_animation&quot;:&quot;fadeIn&quot;}\" data-widget_type=\"google_maps.default\">\n\t\t\t\t<div class=\"elementor-widget-container\">\n\t\t\t\t\t\t\t<div class=\"elementor-custom-embed\">\n\t\t\t<iframe loading=\"lazy\"\n\t\t\t\t\tsrc=\"https:\/\/maps.google.com\/maps?q=Alonisoss%20Aloniro&#038;t=m&#038;z=10&#038;output=embed&#038;iwloc=near\"\n\t\t\t\t\ttitle=\"Alonisoss Aloniro\"\n\t\t\t\t\taria-label=\"Alonisoss Aloniro\"\n\t\t\t><\/iframe>\n\t\t<\/div>\n\t\t\t\t\t\t<\/div>\n\t\t\t\t<\/div>\n\t\t\t\t\t<\/div>\n\t\t<\/div>\n\t\t\t\t<div class=\"elementor-column elementor-col-50 elementor-top-column elementor-element elementor-element-398c8e79\" data-id=\"398c8e79\" data-element_type=\"column\">\n\t\t\t<div class=\"elementor-widget-wrap elementor-element-populated\">\n\t\t\t\t\t\t<div class=\"elementor-element elementor-element-663fe747 animated-slow elementor-invisible elementor-widget elementor-widget-heading\" data-id=\"663fe747\" data-element_type=\"widget\" data-settings=\"{&quot;_animation&quot;:&quot;fadeIn&quot;}\" data-widget_type=\"heading.default\">\n\t\t\t\t<div class=\"elementor-widget-container\">\n\t\t\t\t\t<h3 class=\"elementor-heading-title elementor-size-default\">Villa Aloniro<\/h3>\t\t\t\t<\/div>\n\t\t\t\t<\/div>\n\t\t\t\t<div class=\"elementor-element elementor-element-4d50fbaf elementor-invisible elementor-widget elementor-widget-text-editor\" data-id=\"4d50fbaf\" data-element_type=\"widget\" data-settings=\"{&quot;_animation&quot;:&quot;fadeIn&quot;}\" data-widget_type=\"text-editor.default\">\n\t\t\t\t<div class=\"elementor-widget-container\">\n\t\t\t\t\t\t\t\t\t<div class=\"elementor-element elementor-element-0f337c8 elementor-widget elementor-widget-text-editor\" data-id=\"0f337c8\" data-element_type=\"text-editor.default\"><div class=\"elementor-widget-container\"><div class=\"elementor-text-editor elementor-clearfix\"><p>Aloniro Studios, \u0391\u03bb\u03cc\u03bd\u03bd\u03b7\u03c3\u03bf\u03c2 370 05, Greece<\/p><\/div><\/div><\/div>\t\t\t\t\t\t\t\t<\/div>\n\t\t\t\t<\/div>\n\t\t\t\t<div class=\"elementor-element elementor-element-4494a90c animated-slow elementor-invisible elementor-widget elementor-widget-heading\" data-id=\"4494a90c\" data-element_type=\"widget\" data-settings=\"{&quot;_animation&quot;:&quot;fadeIn&quot;}\" data-widget_type=\"heading.default\">\n\t\t\t\t<div class=\"elementor-widget-container\">\n\t\t\t\t\t<h3 class=\"elementor-heading-title elementor-size-default\">Arrival<\/h3>\t\t\t\t<\/div>\n\t\t\t\t<\/div>\n\t\t\t\t<div class=\"elementor-element elementor-element-64f2ea94 elementor-invisible elementor-widget elementor-widget-text-editor\" data-id=\"64f2ea94\" data-element_type=\"widget\" data-settings=\"{&quot;_animation&quot;:&quot;fadeIn&quot;}\" data-widget_type=\"text-editor.default\">\n\t\t\t\t<div class=\"elementor-widget-container\">\n\t\t\t\t\t\t\t\t\t<div class=\"elementor-element elementor-element-0f337c8 elementor-widget elementor-widget-text-editor\" data-id=\"0f337c8\" data-element_type=\"text-editor.default\"><div class=\"elementor-widget-container\"><div class=\"elementor-text-editor elementor-clearfix\"><p><strong>Flights to<\/strong><\/p><ul><li>Skiathos<\/li><li>V\u00f3los<\/li><li>Athen<\/li><li>Thessaloniki<\/li><\/ul><\/div><\/div><\/div>\t\t\t\t\t\t\t\t<\/div>\n\t\t\t\t<\/div>\n\t\t\t\t<div class=\"elementor-element elementor-element-c661d39 elementor-invisible elementor-widget elementor-widget-text-editor\" data-id=\"c661d39\" data-element_type=\"widget\" data-settings=\"{&quot;_animation&quot;:&quot;fadeIn&quot;}\" data-widget_type=\"text-editor.default\">\n\t\t\t\t<div class=\"elementor-widget-container\">\n\t\t\t\t\t\t\t\t\t<div class=\"elementor-element elementor-element-0f337c8 elementor-widget elementor-widget-text-editor\" data-id=\"0f337c8\" data-element_type=\"text-editor.default\"><div class=\"elementor-widget-container\"><div class=\"elementor-text-editor elementor-clearfix\"><p><strong>Onward travel by ferry from the mainland to Alonissos<\/strong><\/p><ul><li>directly from Skiathos or V\u00f3los<\/li><li>from Athens via Agios Konstantinos<\/li><li>from Thessaloniki via V\u00f3los (depending on the port from 1 - 3 hours)<\/li><\/ul><\/div><\/div><\/div>\t\t\t\t\t\t\t\t<\/div>\n\t\t\t\t<\/div>\n\t\t\t\t<div class=\"elementor-element elementor-element-d30a476 elementor-invisible elementor-widget elementor-widget-text-editor\" data-id=\"d30a476\" data-element_type=\"widget\" data-settings=\"{&quot;_animation&quot;:&quot;fadeIn&quot;}\" data-widget_type=\"text-editor.default\">\n\t\t\t\t<div class=\"elementor-widget-container\">\n\t\t\t\t\t\t\t\t\t<div class=\"elementor-element elementor-element-0f337c8 elementor-widget elementor-widget-text-editor\" data-id=\"0f337c8\" data-element_type=\"text-editor.default\"><div class=\"elementor-widget-container\"><div class=\"elementor-text-editor elementor-clearfix\"><p><strong>Ferries<\/strong><\/p><ul><li><a href=\"http:\/\/www.hsw.gr\">www.hsw.gr<\/a><\/li><li><a href=\"http:\/\/www.sne.gr\">www.sne.gr<\/a><\/li><li><a href=\"http:\/\/www.opensea.gr\">www.opensea.gr<\/a><\/li><\/ul><\/div><\/div><\/div>\t\t\t\t\t\t\t\t<\/div>\n\t\t\t\t<\/div>\n\t\t\t\t<div class=\"elementor-element elementor-element-3634235a elementor-invisible elementor-widget elementor-widget-text-editor\" data-id=\"3634235a\" data-element_type=\"widget\" data-settings=\"{&quot;_animation&quot;:&quot;fadeIn&quot;}\" data-widget_type=\"text-editor.default\">\n\t\t\t\t<div class=\"elementor-widget-container\">\n\t\t\t\t\t\t\t\t\t<p>Please note that out of season travel may be more complicated and take longer due to cancelled ferries and flights.\u00a0<\/p>\t\t\t\t\t\t\t\t<\/div>\n\t\t\t\t<\/div>\n\t\t\t\t\t<\/div>\n\t\t<\/div>\n\t\t\t\t\t<\/div>\n\t\t<\/section>\n\t\t\t\t<\/div>","protected":false},"excerpt":{"rendered":"<p>Wie Sie uns finden Villa Aloniro Aloniro Studios, \u0391\u03bb\u03cc\u03bd\u03bd\u03b7\u03c3\u03bf\u03c2 370 05, Griechenland Anfahrt Fl\u00fcge nach Skiathos V\u00f3los Athen Thessaloniki Weiterreisen mit der F\u00e4hre vom Festland nach Alonissos von Skiathos oder V\u00f3los direkt von Athen \u00fcber Agios Konstantinos von Thessaloniki \u00fcber V\u00f3los (je nach Hafen von 1 &#8211; 3 Stunden) F\u00e4hren www.hsw.gr www.sne.gr www.opensea.gr Bitte beachten [&hellip;]<\/p>\n","protected":false},"author":1,"featured_media":0,"parent":0,"menu_order":0,"comment_status":"closed","ping_status":"closed","template":"","meta":{"ocean_post_layout":"full-screen","ocean_both_sidebars_style":"","ocean_both_sidebars_content_width":0,"ocean_both_sidebars_sidebars_width":0,"ocean_sidebar":"0","ocean_second_sidebar":"0","ocean_disable_margins":"enable","ocean_add_body_class":"","ocean_shortcode_before_top_bar":"","ocean_shortcode_after_top_bar":"","ocean_shortcode_before_header":"","ocean_shortcode_after_header":"","ocean_has_shortcode":"","ocean_shortcode_after_title":"","ocean_shortcode_before_footer_widgets":"","ocean_shortcode_after_footer_widgets":"","ocean_shortcode_before_footer_bottom":"","ocean_shortcode_after_footer_bottom":"","ocean_display_top_bar":"off","ocean_display_header":"default","ocean_header_style":"","ocean_center_header_left_menu":"0","ocean_custom_header_template":"0","ocean_custom_logo":0,"ocean_custom_retina_logo":0,"ocean_custom_logo_max_width":0,"ocean_custom_logo_tablet_max_width":0,"ocean_custom_logo_mobile_max_width":0,"ocean_custom_logo_max_height":0,"ocean_custom_logo_tablet_max_height":0,"ocean_custom_logo_mobile_max_height":0,"ocean_header_custom_menu":"0","ocean_menu_typo_font_family":"0","ocean_menu_typo_font_subset":"","ocean_menu_typo_font_size":0,"ocean_menu_typo_font_size_tablet":0,"ocean_menu_typo_font_size_mobile":0,"ocean_menu_typo_font_size_unit":"px","ocean_menu_typo_font_weight":"","ocean_menu_typo_font_weight_tablet":"","ocean_menu_typo_font_weight_mobile":"","ocean_menu_typo_transform":"","ocean_menu_typo_transform_tablet":"","ocean_menu_typo_transform_mobile":"","ocean_menu_typo_line_height":0,"ocean_menu_typo_line_height_tablet":0,"ocean_menu_typo_line_height_mobile":0,"ocean_menu_typo_line_height_unit":"","ocean_menu_typo_spacing":0,"ocean_menu_typo_spacing_tablet":0,"ocean_menu_typo_spacing_mobile":0,"ocean_menu_typo_spacing_unit":"","ocean_menu_link_color":"","ocean_menu_link_color_hover":"","ocean_menu_link_color_active":"","ocean_menu_link_background":"","ocean_menu_link_hover_background":"","ocean_menu_link_active_background":"","ocean_menu_social_links_bg":"","ocean_menu_social_hover_links_bg":"","ocean_menu_social_links_color":"","ocean_menu_social_hover_links_color":"","ocean_disable_title":"on","ocean_disable_heading":"default","ocean_post_title":"","ocean_post_subheading":"","ocean_post_title_style":"","ocean_post_title_background_color":"","ocean_post_title_background":0,"ocean_post_title_bg_image_position":"","ocean_post_title_bg_image_attachment":"","ocean_post_title_bg_image_repeat":"","ocean_post_title_bg_image_size":"","ocean_post_title_height":0,"ocean_post_title_bg_overlay":0.5,"ocean_post_title_bg_overlay_color":"","ocean_disable_breadcrumbs":"default","ocean_breadcrumbs_color":"","ocean_breadcrumbs_separator_color":"","ocean_breadcrumbs_links_color":"","ocean_breadcrumbs_links_hover_color":"","ocean_display_footer_widgets":"on","ocean_display_footer_bottom":"off","ocean_custom_footer_template":"0","footnotes":""},"yoast_head":"<!-- This site is optimized with the Yoast SEO plugin v23.5 - https:\/\/yoast.com\/wordpress\/plugins\/seo\/ -->\n<title>Anfahrt - Aloniro<\/title>\n<meta name=\"robots\" content=\"index, follow, max-snippet:-1, max-image-preview:large, max-video-preview:-1\" \/>\n<link rel=\"canonical\" href=\"https:\/\/aloniro.com\/en\/anfahrt\/\" \/>\n<meta property=\"og:locale\" content=\"en_GB\" \/>\n<meta property=\"og:type\" content=\"article\" \/>\n<meta property=\"og:title\" content=\"Anfahrt - Aloniro\" \/>\n<meta property=\"og:description\" content=\"Wie Sie uns finden Villa Aloniro Aloniro Studios, \u0391\u03bb\u03cc\u03bd\u03bd\u03b7\u03c3\u03bf\u03c2 370 05, Griechenland Anfahrt Fl\u00fcge nach Skiathos V\u00f3los Athen Thessaloniki Weiterreisen mit der F\u00e4hre vom Festland nach Alonissos von Skiathos oder V\u00f3los direkt von Athen \u00fcber Agios Konstantinos von Thessaloniki \u00fcber V\u00f3los (je nach Hafen von 1 &#8211; 3 Stunden) F\u00e4hren www.hsw.gr www.sne.gr www.opensea.gr Bitte beachten [&hellip;]\" \/>\n<meta property=\"og:url\" content=\"https:\/\/aloniro.com\/en\/anfahrt\/\" \/>\n<meta property=\"og:site_name\" content=\"Aloniro\" \/>\n<meta property=\"article:publisher\" content=\"https:\/\/www.facebook.com\/Aloniro\" \/>\n<meta property=\"article:modified_time\" content=\"2023-01-03T11:12:07+00:00\" \/>\n<meta property=\"og:image\" content=\"https:\/\/aloniro.com\/wp-content\/uploads\/2022\/12\/Bild53.jpg\" \/>\n\t<meta property=\"og:image:width\" content=\"373\" \/>\n\t<meta property=\"og:image:height\" content=\"279\" \/>\n\t<meta property=\"og:image:type\" content=\"image\/jpeg\" \/>\n<meta name=\"twitter:card\" content=\"summary_large_image\" \/>\n<script type=\"application\/ld+json\" class=\"yoast-schema-graph\">{\"@context\":\"https:\/\/schema.org\",\"@graph\":[{\"@type\":\"WebPage\",\"@id\":\"https:\/\/aloniro.com\/anfahrt\/\",\"url\":\"https:\/\/aloniro.com\/anfahrt\/\",\"name\":\"Anfahrt - Aloniro\",\"isPartOf\":{\"@id\":\"https:\/\/aloniro.com\/#website\"},\"datePublished\":\"2022-03-24T21:01:25+00:00\",\"dateModified\":\"2023-01-03T11:12:07+00:00\",\"breadcrumb\":{\"@id\":\"https:\/\/aloniro.com\/anfahrt\/#breadcrumb\"},\"inLanguage\":\"en-GB\",\"potentialAction\":[{\"@type\":\"ReadAction\",\"target\":[\"https:\/\/aloniro.com\/anfahrt\/\"]}]},{\"@type\":\"BreadcrumbList\",\"@id\":\"https:\/\/aloniro.com\/anfahrt\/#breadcrumb\",\"itemListElement\":[{\"@type\":\"ListItem\",\"position\":1,\"name\":\"Startseite\",\"item\":\"https:\/\/aloniro.com\/\"},{\"@type\":\"ListItem\",\"position\":2,\"name\":\"Anfahrt\"}]},{\"@type\":\"WebSite\",\"@id\":\"https:\/\/aloniro.com\/#website\",\"url\":\"https:\/\/aloniro.com\/\",\"name\":\"Aloniro\",\"description\":\"\",\"potentialAction\":[{\"@type\":\"SearchAction\",\"target\":{\"@type\":\"EntryPoint\",\"urlTemplate\":\"https:\/\/aloniro.com\/?s={search_term_string}\"},\"query-input\":{\"@type\":\"PropertyValueSpecification\",\"valueRequired\":true,\"valueName\":\"search_term_string\"}}],\"inLanguage\":\"en-GB\"}]}<\/script>\n<!-- \/ Yoast SEO plugin. -->","yoast_head_json":{"title":"Anfahrt - Aloniro","robots":{"index":"index","follow":"follow","max-snippet":"max-snippet:-1","max-image-preview":"max-image-preview:large","max-video-preview":"max-video-preview:-1"},"canonical":"https:\/\/aloniro.com\/en\/anfahrt\/","og_locale":"en_GB","og_type":"article","og_title":"Anfahrt - Aloniro","og_description":"Wie Sie uns finden Villa Aloniro Aloniro Studios, \u0391\u03bb\u03cc\u03bd\u03bd\u03b7\u03c3\u03bf\u03c2 370 05, Griechenland Anfahrt Fl\u00fcge nach Skiathos V\u00f3los Athen Thessaloniki Weiterreisen mit der F\u00e4hre vom Festland nach Alonissos von Skiathos oder V\u00f3los direkt von Athen \u00fcber Agios Konstantinos von Thessaloniki \u00fcber V\u00f3los (je nach Hafen von 1 &#8211; 3 Stunden) F\u00e4hren www.hsw.gr www.sne.gr www.opensea.gr Bitte beachten [&hellip;]","og_url":"https:\/\/aloniro.com\/en\/anfahrt\/","og_site_name":"Aloniro","article_publisher":"https:\/\/www.facebook.com\/Aloniro","article_modified_time":"2023-01-03T11:12:07+00:00","og_image":[{"width":373,"height":279,"url":"https:\/\/aloniro.com\/wp-content\/uploads\/2022\/12\/Bild53.jpg","type":"image\/jpeg"}],"twitter_card":"summary_large_image","schema":{"@context":"https:\/\/schema.org","@graph":[{"@type":"WebPage","@id":"https:\/\/aloniro.com\/anfahrt\/","url":"https:\/\/aloniro.com\/anfahrt\/","name":"Anfahrt - Aloniro","isPartOf":{"@id":"https:\/\/aloniro.com\/#website"},"datePublished":"2022-03-24T21:01:25+00:00","dateModified":"2023-01-03T11:12:07+00:00","breadcrumb":{"@id":"https:\/\/aloniro.com\/anfahrt\/#breadcrumb"},"inLanguage":"en-GB","potentialAction":[{"@type":"ReadAction","target":["https:\/\/aloniro.com\/anfahrt\/"]}]},{"@type":"BreadcrumbList","@id":"https:\/\/aloniro.com\/anfahrt\/#breadcrumb","itemListElement":[{"@type":"ListItem","position":1,"name":"Startseite","item":"https:\/\/aloniro.com\/"},{"@type":"ListItem","position":2,"name":"Anfahrt"}]},{"@type":"WebSite","@id":"https:\/\/aloniro.com\/#website","url":"https:\/\/aloniro.com\/","name":"Aloniro","description":"","potentialAction":[{"@type":"SearchAction","target":{"@type":"EntryPoint","urlTemplate":"https:\/\/aloniro.com\/?s={search_term_string}"},"query-input":{"@type":"PropertyValueSpecification","valueRequired":true,"valueName":"search_term_string"}}],"inLanguage":"en-GB"}]}},"_links":{"self":[{"href":"https:\/\/aloniro.com\/en\/wp-json\/wp\/v2\/pages\/52"}],"collection":[{"href":"https:\/\/aloniro.com\/en\/wp-json\/wp\/v2\/pages"}],"about":[{"href":"https:\/\/aloniro.com\/en\/wp-json\/wp\/v2\/types\/page"}],"author":[{"embeddable":true,"href":"https:\/\/aloniro.com\/en\/wp-json\/wp\/v2\/users\/1"}],"replies":[{"embeddable":true,"href":"https:\/\/aloniro.com\/en\/wp-json\/wp\/v2\/comments?post=52"}],"version-history":[{"count":38,"href":"https:\/\/aloniro.com\/en\/wp-json\/wp\/v2\/pages\/52\/revisions"}],"predecessor-version":[{"id":2234,"href":"https:\/\/aloniro.com\/en\/wp-json\/wp\/v2\/pages\/52\/revisions\/2234"}],"wp:attachment":[{"href":"https:\/\/aloniro.com\/en\/wp-json\/wp\/v2\/media?parent=52"}],"curies":[{"name":"wp","href":"https:\/\/api.w.org\/{rel}","templated":true}]}}