{"id":869,"date":"2022-04-20T23:45:52","date_gmt":"2022-04-20T23:45:52","guid":{"rendered":"http:\/\/localhost\/?page_id=869"},"modified":"2023-01-03T19:37:06","modified_gmt":"2023-01-03T19:37:06","slug":"agb","status":"publish","type":"page","link":"http:\/\/aloniro.com\/en\/agb\/","title":{"rendered":"AGB"},"content":{"rendered":"<div data-elementor-type=\"wp-page\" data-elementor-id=\"869\" class=\"elementor elementor-869\">\n\t\t\t\t\t\t<section class=\"elementor-section elementor-top-section elementor-element elementor-element-563535a elementor-section-boxed elementor-section-height-default elementor-section-height-default\" data-id=\"563535a\" data-element_type=\"section\">\n\t\t\t\t\t\t<div class=\"elementor-container elementor-column-gap-default\">\n\t\t\t\t\t<div class=\"elementor-column elementor-col-100 elementor-top-column elementor-element elementor-element-c284ba7\" data-id=\"c284ba7\" data-element_type=\"column\">\n\t\t\t<div class=\"elementor-widget-wrap elementor-element-populated\">\n\t\t\t\t\t\t<div class=\"elementor-element elementor-element-2c3f857 elementor-widget elementor-widget-heading\" data-id=\"2c3f857\" data-element_type=\"widget\" data-widget_type=\"heading.default\">\n\t\t\t\t<div class=\"elementor-widget-container\">\n\t\t\t\t\t<h2 class=\"elementor-heading-title elementor-size-default\">Allgemeine Gesch\u00e4ftsbedingungen<\/h2>\t\t\t\t<\/div>\n\t\t\t\t<\/div>\n\t\t\t\t<div class=\"elementor-element elementor-element-88a14cc elementor-widget-divider--view-line_icon elementor-view-default elementor-widget-divider--element-align-center elementor-widget elementor-widget-divider\" data-id=\"88a14cc\" data-element_type=\"widget\" data-widget_type=\"divider.default\">\n\t\t\t\t<div class=\"elementor-widget-container\">\n\t\t\t\t\t\t\t<div class=\"elementor-divider\">\n\t\t\t<span class=\"elementor-divider-separator\">\n\t\t\t\t\t\t\t<div class=\"elementor-icon elementor-divider__element\">\n\t\t\t\t\t<i aria-hidden=\"true\" class=\"fas fa-balance-scale\"><\/i><\/div>\n\t\t\t\t\t\t<\/span>\n\t\t<\/div>\n\t\t\t\t\t\t<\/div>\n\t\t\t\t<\/div>\n\t\t\t\t<div class=\"elementor-element elementor-element-a272c20 elementor-widget elementor-widget-text-editor\" data-id=\"a272c20\" data-element_type=\"widget\" data-widget_type=\"text-editor.default\">\n\t\t\t\t<div class=\"elementor-widget-container\">\n\t\t\t\t\t\t\t\t\t<p>Zwischen dem Mieter\/der Mieterin und dem Vermieter Dr. med. Rolf M\u00fcller wird f\u00fcr die Dauer der vereinbarten Zeit ein Mietvertrag \u00fcber ein Mietobjekt geschlossen, der folgende Vereinbarungen beinhaltet.<\/p>\t\t\t\t\t\t\t\t<\/div>\n\t\t\t\t<\/div>\n\t\t\t\t<section class=\"elementor-section elementor-inner-section elementor-element elementor-element-8c9b402 elementor-section-boxed elementor-section-height-default elementor-section-height-default\" data-id=\"8c9b402\" data-element_type=\"section\">\n\t\t\t\t\t\t<div class=\"elementor-container elementor-column-gap-default\">\n\t\t\t\t\t<div class=\"elementor-column elementor-col-50 elementor-inner-column elementor-element elementor-element-ece5d97\" data-id=\"ece5d97\" data-element_type=\"column\">\n\t\t\t<div class=\"elementor-widget-wrap elementor-element-populated\">\n\t\t\t\t\t\t<div class=\"elementor-element elementor-element-f162daf elementor-view-default elementor-widget elementor-widget-icon\" data-id=\"f162daf\" data-element_type=\"widget\" data-widget_type=\"icon.default\">\n\t\t\t\t<div class=\"elementor-widget-container\">\n\t\t\t\t\t\t\t<div class=\"elementor-icon-wrapper\">\n\t\t\t<a class=\"elementor-icon\" href=\"http:\/\/aloniro.com\/wp-content\/uploads\/2022\/12\/Allgemeine-Geschaeftsbedingungen.pdf\" target=\"_blank\">\n\t\t\t<i aria-hidden=\"true\" class=\"far fa-file-pdf\"><\/i>\t\t\t<\/a>\n\t\t<\/div>\n\t\t\t\t\t\t<\/div>\n\t\t\t\t<\/div>\n\t\t\t\t\t<\/div>\n\t\t<\/div>\n\t\t\t\t<div class=\"elementor-column elementor-col-50 elementor-inner-column elementor-element elementor-element-b9eb7db\" data-id=\"b9eb7db\" data-element_type=\"column\">\n\t\t\t<div class=\"elementor-widget-wrap elementor-element-populated\">\n\t\t\t\t\t\t<div class=\"elementor-element elementor-element-f9993be elementor-widget elementor-widget-text-editor\" data-id=\"f9993be\" data-element_type=\"widget\" data-widget_type=\"text-editor.default\">\n\t\t\t\t<div class=\"elementor-widget-container\">\n\t\t\t\t\t\t\t\t\t<p><strong>AGB<\/strong><\/p><p><span style=\"text-decoration: underline;\"><a href=\"http:\/\/aloniro.com\/wp-content\/uploads\/2022\/12\/Allgemeine-Geschaeftsbedingungen.pdf\" target=\"_blank\" rel=\"noopener\">Allgemeine Gesch\u00e4ftsbedingungen.pdf<\/a><\/span><\/p>\t\t\t\t\t\t\t\t<\/div>\n\t\t\t\t<\/div>\n\t\t\t\t\t<\/div>\n\t\t<\/div>\n\t\t\t\t\t<\/div>\n\t\t<\/section>\n\t\t\t\t<div class=\"elementor-element elementor-element-700d0be elementor-widget elementor-widget-text-editor\" data-id=\"700d0be\" data-element_type=\"widget\" data-widget_type=\"text-editor.default\">\n\t\t\t\t<div class=\"elementor-widget-container\">\n\t\t\t\t\t\t\t\t\t<p><em>Unsere AGB wurden mit Hilfe von <a href=\"http:\/\/www.ferienwohnung-richtig-vermieten.de\">www.ferienwohnung-richtig-vermieten.de<\/a> erstellt.<\/em><\/p>\t\t\t\t\t\t\t\t<\/div>\n\t\t\t\t<\/div>\n\t\t\t\t\t<\/div>\n\t\t<\/div>\n\t\t\t\t\t<\/div>\n\t\t<\/section>\n\t\t\t\t<\/div>","protected":false},"excerpt":{"rendered":"<p>Allgemeine Gesch\u00e4ftsbedingungen Zwischen dem Mieter\/der Mieterin und dem Vermieter Dr. med. Rolf M\u00fcller wird f\u00fcr die Dauer der vereinbarten Zeit ein Mietvertrag \u00fcber ein Mietobjekt geschlossen, der folgende Vereinbarungen beinhaltet. AGB Allgemeine Gesch\u00e4ftsbedingungen.pdf Unsere AGB wurden mit Hilfe von www.ferienwohnung-richtig-vermieten.de erstellt.<\/p>","protected":false},"author":1,"featured_media":0,"parent":0,"menu_order":0,"comment_status":"closed","ping_status":"closed","template":"","meta":{"ocean_post_layout":"full-screen","ocean_both_sidebars_style":"","ocean_both_sidebars_content_width":0,"ocean_both_sidebars_sidebars_width":0,"ocean_sidebar":"0","ocean_second_sidebar":"0","ocean_disable_margins":"enable","ocean_add_body_class":"","ocean_shortcode_before_top_bar":"","ocean_shortcode_after_top_bar":"","ocean_shortcode_before_header":"","ocean_shortcode_after_header":"","ocean_has_shortcode":"","ocean_shortcode_after_title":"","ocean_shortcode_before_footer_widgets":"","ocean_shortcode_after_footer_widgets":"","ocean_shortcode_before_footer_bottom":"","ocean_shortcode_after_footer_bottom":"","ocean_display_top_bar":"off","ocean_display_header":"default","ocean_header_style":"","ocean_center_header_left_menu":"0","ocean_custom_header_template":"0","ocean_custom_logo":0,"ocean_custom_retina_logo":0,"ocean_custom_logo_max_width":0,"ocean_custom_logo_tablet_max_width":0,"ocean_custom_logo_mobile_max_width":0,"ocean_custom_logo_max_height":0,"ocean_custom_logo_tablet_max_height":0,"ocean_custom_logo_mobile_max_height":0,"ocean_header_custom_menu":"0","ocean_menu_typo_font_family":"0","ocean_menu_typo_font_subset":"","ocean_menu_typo_font_size":0,"ocean_menu_typo_font_size_tablet":0,"ocean_menu_typo_font_size_mobile":0,"ocean_menu_typo_font_size_unit":"px","ocean_menu_typo_font_weight":"","ocean_menu_typo_font_weight_tablet":"","ocean_menu_typo_font_weight_mobile":"","ocean_menu_typo_transform":"","ocean_menu_typo_transform_tablet":"","ocean_menu_typo_transform_mobile":"","ocean_menu_typo_line_height":0,"ocean_menu_typo_line_height_tablet":0,"ocean_menu_typo_line_height_mobile":0,"ocean_menu_typo_line_height_unit":"","ocean_menu_typo_spacing":0,"ocean_menu_typo_spacing_tablet":0,"ocean_menu_typo_spacing_mobile":0,"ocean_menu_typo_spacing_unit":"","ocean_menu_link_color":"","ocean_menu_link_color_hover":"","ocean_menu_link_color_active":"","ocean_menu_link_background":"","ocean_menu_link_hover_background":"","ocean_menu_link_active_background":"","ocean_menu_social_links_bg":"","ocean_menu_social_hover_links_bg":"","ocean_menu_social_links_color":"","ocean_menu_social_hover_links_color":"","ocean_disable_title":"on","ocean_disable_heading":"default","ocean_post_title":"","ocean_post_subheading":"","ocean_post_title_style":"","ocean_post_title_background_color":"","ocean_post_title_background":0,"ocean_post_title_bg_image_position":"","ocean_post_title_bg_image_attachment":"","ocean_post_title_bg_image_repeat":"","ocean_post_title_bg_image_size":"","ocean_post_title_height":0,"ocean_post_title_bg_overlay":0.5,"ocean_post_title_bg_overlay_color":"","ocean_disable_breadcrumbs":"default","ocean_breadcrumbs_color":"","ocean_breadcrumbs_separator_color":"","ocean_breadcrumbs_links_color":"","ocean_breadcrumbs_links_hover_color":"","ocean_display_footer_widgets":"on","ocean_display_footer_bottom":"off","ocean_custom_footer_template":"0","footnotes":""},"yoast_head":"<!-- This site is optimized with the Yoast SEO plugin v23.5 - https:\/\/yoast.com\/wordpress\/plugins\/seo\/ -->\n<title>AGB - Aloniro<\/title>\n<meta name=\"robots\" content=\"index, follow, max-snippet:-1, max-image-preview:large, max-video-preview:-1\" \/>\n<link rel=\"canonical\" href=\"https:\/\/aloniro.com\/en\/agb\/\" \/>\n<meta property=\"og:locale\" content=\"en_GB\" \/>\n<meta property=\"og:type\" content=\"article\" \/>\n<meta property=\"og:title\" content=\"AGB - Aloniro\" \/>\n<meta property=\"og:description\" content=\"Allgemeine Gesch\u00e4ftsbedingungen Zwischen dem Mieter\/der Mieterin und dem Vermieter Dr. med. Rolf M\u00fcller wird f\u00fcr die Dauer der vereinbarten Zeit ein Mietvertrag \u00fcber ein Mietobjekt geschlossen, der folgende Vereinbarungen beinhaltet. AGB Allgemeine Gesch\u00e4ftsbedingungen.pdf Unsere AGB wurden mit Hilfe von www.ferienwohnung-richtig-vermieten.de erstellt.\" \/>\n<meta property=\"og:url\" content=\"https:\/\/aloniro.com\/en\/agb\/\" \/>\n<meta property=\"og:site_name\" content=\"Aloniro\" \/>\n<meta property=\"article:publisher\" content=\"https:\/\/www.facebook.com\/Aloniro\" \/>\n<meta property=\"article:modified_time\" content=\"2023-01-03T19:37:06+00:00\" \/>\n<meta property=\"og:image\" content=\"https:\/\/aloniro.com\/wp-content\/uploads\/2022\/12\/Bild53.jpg\" \/>\n\t<meta property=\"og:image:width\" content=\"373\" \/>\n\t<meta property=\"og:image:height\" content=\"279\" \/>\n\t<meta property=\"og:image:type\" content=\"image\/jpeg\" \/>\n<meta name=\"twitter:card\" content=\"summary_large_image\" \/>\n<script type=\"application\/ld+json\" class=\"yoast-schema-graph\">{\"@context\":\"https:\/\/schema.org\",\"@graph\":[{\"@type\":\"WebPage\",\"@id\":\"https:\/\/aloniro.com\/en\/agb\/\",\"url\":\"https:\/\/aloniro.com\/en\/agb\/\",\"name\":\"AGB - Aloniro\",\"isPartOf\":{\"@id\":\"https:\/\/aloniro.com\/#website\"},\"datePublished\":\"2022-04-20T23:45:52+00:00\",\"dateModified\":\"2023-01-03T19:37:06+00:00\",\"breadcrumb\":{\"@id\":\"https:\/\/aloniro.com\/en\/agb\/#breadcrumb\"},\"inLanguage\":\"en-GB\",\"potentialAction\":[{\"@type\":\"ReadAction\",\"target\":[\"https:\/\/aloniro.com\/en\/agb\/\"]}]},{\"@type\":\"BreadcrumbList\",\"@id\":\"https:\/\/aloniro.com\/en\/agb\/#breadcrumb\",\"itemListElement\":[{\"@type\":\"ListItem\",\"position\":1,\"name\":\"Startseite\",\"item\":\"https:\/\/aloniro.com\/\"},{\"@type\":\"ListItem\",\"position\":2,\"name\":\"AGB\"}]},{\"@type\":\"WebSite\",\"@id\":\"https:\/\/aloniro.com\/#website\",\"url\":\"https:\/\/aloniro.com\/\",\"name\":\"Aloniro\",\"description\":\"\",\"potentialAction\":[{\"@type\":\"SearchAction\",\"target\":{\"@type\":\"EntryPoint\",\"urlTemplate\":\"https:\/\/aloniro.com\/?s={search_term_string}\"},\"query-input\":{\"@type\":\"PropertyValueSpecification\",\"valueRequired\":true,\"valueName\":\"search_term_string\"}}],\"inLanguage\":\"en-GB\"}]}<\/script>\n<!-- \/ Yoast SEO plugin. -->","yoast_head_json":{"title":"AGB - Aloniro","robots":{"index":"index","follow":"follow","max-snippet":"max-snippet:-1","max-image-preview":"max-image-preview:large","max-video-preview":"max-video-preview:-1"},"canonical":"https:\/\/aloniro.com\/en\/agb\/","og_locale":"en_GB","og_type":"article","og_title":"AGB - Aloniro","og_description":"Allgemeine Gesch\u00e4ftsbedingungen Zwischen dem Mieter\/der Mieterin und dem Vermieter Dr. med. Rolf M\u00fcller wird f\u00fcr die Dauer der vereinbarten Zeit ein Mietvertrag \u00fcber ein Mietobjekt geschlossen, der folgende Vereinbarungen beinhaltet. AGB Allgemeine Gesch\u00e4ftsbedingungen.pdf Unsere AGB wurden mit Hilfe von www.ferienwohnung-richtig-vermieten.de erstellt.","og_url":"https:\/\/aloniro.com\/en\/agb\/","og_site_name":"Aloniro","article_publisher":"https:\/\/www.facebook.com\/Aloniro","article_modified_time":"2023-01-03T19:37:06+00:00","og_image":[{"width":373,"height":279,"url":"https:\/\/aloniro.com\/wp-content\/uploads\/2022\/12\/Bild53.jpg","type":"image\/jpeg"}],"twitter_card":"summary_large_image","schema":{"@context":"https:\/\/schema.org","@graph":[{"@type":"WebPage","@id":"https:\/\/aloniro.com\/en\/agb\/","url":"https:\/\/aloniro.com\/en\/agb\/","name":"AGB - Aloniro","isPartOf":{"@id":"https:\/\/aloniro.com\/#website"},"datePublished":"2022-04-20T23:45:52+00:00","dateModified":"2023-01-03T19:37:06+00:00","breadcrumb":{"@id":"https:\/\/aloniro.com\/en\/agb\/#breadcrumb"},"inLanguage":"en-GB","potentialAction":[{"@type":"ReadAction","target":["https:\/\/aloniro.com\/en\/agb\/"]}]},{"@type":"BreadcrumbList","@id":"https:\/\/aloniro.com\/en\/agb\/#breadcrumb","itemListElement":[{"@type":"ListItem","position":1,"name":"Startseite","item":"https:\/\/aloniro.com\/"},{"@type":"ListItem","position":2,"name":"AGB"}]},{"@type":"WebSite","@id":"https:\/\/aloniro.com\/#website","url":"https:\/\/aloniro.com\/","name":"Aloniro","description":"","potentialAction":[{"@type":"SearchAction","target":{"@type":"EntryPoint","urlTemplate":"https:\/\/aloniro.com\/?s={search_term_string}"},"query-input":{"@type":"PropertyValueSpecification","valueRequired":true,"valueName":"search_term_string"}}],"inLanguage":"en-GB"}]}},"_links":{"self":[{"href":"http:\/\/aloniro.com\/en\/wp-json\/wp\/v2\/pages\/869"}],"collection":[{"href":"http:\/\/aloniro.com\/en\/wp-json\/wp\/v2\/pages"}],"about":[{"href":"http:\/\/aloniro.com\/en\/wp-json\/wp\/v2\/types\/page"}],"author":[{"embeddable":true,"href":"http:\/\/aloniro.com\/en\/wp-json\/wp\/v2\/users\/1"}],"replies":[{"embeddable":true,"href":"http:\/\/aloniro.com\/en\/wp-json\/wp\/v2\/comments?post=869"}],"version-history":[{"count":51,"href":"http:\/\/aloniro.com\/en\/wp-json\/wp\/v2\/pages\/869\/revisions"}],"predecessor-version":[{"id":2589,"href":"http:\/\/aloniro.com\/en\/wp-json\/wp\/v2\/pages\/869\/revisions\/2589"}],"wp:attachment":[{"href":"http:\/\/aloniro.com\/en\/wp-json\/wp\/v2\/media?parent=869"}],"curies":[{"name":"wp","href":"https:\/\/api.w.org\/{rel}","templated":true}]}}