{"id":851,"date":"2022-04-20T23:20:20","date_gmt":"2022-04-20T21:20:20","guid":{"rendered":"http:\/\/localhost\/?page_id=851"},"modified":"2023-09-24T16:31:46","modified_gmt":"2023-09-24T16:31:46","slug":"impressum","status":"publish","type":"page","link":"http:\/\/aloniro.com\/en\/impressum\/","title":{"rendered":"Impressum"},"content":{"rendered":"<div data-elementor-type=\"wp-page\" data-elementor-id=\"851\" class=\"elementor elementor-851\">\n\t\t\t\t\t\t<section class=\"elementor-section elementor-top-section elementor-element elementor-element-c0b4d8c elementor-section-boxed elementor-section-height-default elementor-section-height-default\" data-id=\"c0b4d8c\" data-element_type=\"section\">\n\t\t\t\t\t\t<div class=\"elementor-container elementor-column-gap-default\">\n\t\t\t\t\t<div class=\"elementor-column elementor-col-100 elementor-top-column elementor-element elementor-element-b6600cc\" data-id=\"b6600cc\" data-element_type=\"column\">\n\t\t\t<div class=\"elementor-widget-wrap elementor-element-populated\">\n\t\t\t\t\t\t<div class=\"elementor-element elementor-element-4614786 elementor-widget elementor-widget-heading\" data-id=\"4614786\" data-element_type=\"widget\" data-widget_type=\"heading.default\">\n\t\t\t\t<div class=\"elementor-widget-container\">\n\t\t\t\t\t<h2 class=\"elementor-heading-title elementor-size-default\">Impressum<\/h2>\t\t\t\t<\/div>\n\t\t\t\t<\/div>\n\t\t\t\t<div class=\"elementor-element elementor-element-439d396 elementor-widget elementor-widget-text-editor\" data-id=\"439d396\" data-element_type=\"widget\" data-widget_type=\"text-editor.default\">\n\t\t\t\t<div class=\"elementor-widget-container\">\n\t\t\t\t\t\t\t\t\t<h1><em><strong>Angaben gem\u00e4\u00df \u00a7 5 TMG:<\/strong><\/em><\/h1>\t\t\t\t\t\t\t\t<\/div>\n\t\t\t\t<\/div>\n\t\t\t\t<div class=\"elementor-element elementor-element-598af2b elementor-widget-divider--view-line_icon elementor-view-default elementor-widget-divider--element-align-center elementor-widget elementor-widget-divider\" data-id=\"598af2b\" data-element_type=\"widget\" data-widget_type=\"divider.default\">\n\t\t\t\t<div class=\"elementor-widget-container\">\n\t\t\t\t\t\t\t<div class=\"elementor-divider\">\n\t\t\t<span class=\"elementor-divider-separator\">\n\t\t\t\t\t\t\t<div class=\"elementor-icon elementor-divider__element\">\n\t\t\t\t\t<i aria-hidden=\"true\" class=\"fas fa-balance-scale\"><\/i><\/div>\n\t\t\t\t\t\t<\/span>\n\t\t<\/div>\n\t\t\t\t\t\t<\/div>\n\t\t\t\t<\/div>\n\t\t\t\t<div class=\"elementor-element elementor-element-5e4a2c8 elementor-widget elementor-widget-text-editor\" data-id=\"5e4a2c8\" data-element_type=\"widget\" data-widget_type=\"text-editor.default\">\n\t\t\t\t<div class=\"elementor-widget-container\">\n\t\t\t\t\t\t\t\t\t<h2><em><strong>Anwesen Aloniro<\/strong><\/em><\/h2><p>Alonissos \/ Griechenland<\/p><p><strong><em>Steuernummer GR:<\/em><\/strong> 179207233<\/p><p><em><strong>Finanzamt GR:<\/strong><\/em><\/p><p>Adresse: Vas.Irakleiou 38 -P.C. 546 23 Thessaloniki<\/p><p>E-Mail: <a href=\"mailto:doy.d-thessalonikis@aade.gr\">doy.d-thessalonikis@aade.gr<\/a><\/p><h3><em><strong>Name und Adresse:<\/strong><\/em><\/h3><p>Dr. med. Rolf M\u00fcller<\/p><p>Freinberg 3<\/p><p>4785 Freinberg<\/p><p>\u00d6sterreich<\/p><h4><em><strong>Kontaktaufnahme<\/strong><\/em><\/h4><p><strong>E-Mail: <\/strong><a href=\"mailto:info@aloniro.com\">info@aloniro.com<\/a><\/p><p><strong>Internet:<\/strong> <a href=\"http:\/\/aloniro.com\/en\/\">www.aloniro.com<\/a><\/p><p><em>F\u00fcr gezielte Anfragen kann unser <a href=\"http:\/\/aloniro.com\/en\/kontaktformular\/\" target=\"_blank\" rel=\"noopener\">Kontaktformular<\/a> genutzt werden.<\/em><\/p><p><em>F\u00fcr den Inhalt verantwortlich ist Dr. med. Rolf M\u00fcller (Anschrift wie oben) gem\u00e4\u00df \u00a7 5 Abs. 1 TMG.<\/em><\/p>\t\t\t\t\t\t\t\t<\/div>\n\t\t\t\t<\/div>\n\t\t\t\t<div class=\"elementor-element elementor-element-548e32a elementor-widget-divider--view-line_icon elementor-view-default elementor-widget-divider--element-align-center elementor-widget elementor-widget-divider\" data-id=\"548e32a\" data-element_type=\"widget\" data-widget_type=\"divider.default\">\n\t\t\t\t<div class=\"elementor-widget-container\">\n\t\t\t\t\t\t\t<div class=\"elementor-divider\">\n\t\t\t<span class=\"elementor-divider-separator\">\n\t\t\t\t\t\t\t<div class=\"elementor-icon elementor-divider__element\">\n\t\t\t\t\t<i aria-hidden=\"true\" class=\"fas fa-balance-scale\"><\/i><\/div>\n\t\t\t\t\t\t<\/span>\n\t\t<\/div>\n\t\t\t\t\t\t<\/div>\n\t\t\t\t<\/div>\n\t\t\t\t<div class=\"elementor-element elementor-element-38b58e6 elementor-widget elementor-widget-text-editor\" data-id=\"38b58e6\" data-element_type=\"widget\" data-widget_type=\"text-editor.default\">\n\t\t\t\t<div class=\"elementor-widget-container\">\n\t\t\t\t\t\t\t\t\t<h2><strong>Haftungsausschluss &#8211; Disclaimer:<\/strong><\/h2><h3>Haftung f\u00fcr Inhalte<\/h3><p>Alle Inhalte unseres Internetauftritts wurden mit gr\u00f6\u00dfter Sorgfalt und nach bestem Gewissen erstellt. F\u00fcr die Richtigkeit, Vollst\u00e4ndigkeit und Aktualit\u00e4t der Inhalte k\u00f6nnen wird jedoch keine Gew\u00e4hr \u00fcbernehmen. Als Dienstanbieter sind wir gem\u00e4\u00df \u00a7 7 Abs. 1 TMG f\u00fcr eigenen Inhalte auf diesen Seiten nach den allgemeinen Gesetzen verantwortlich. Nach \u00a7\u00a7 8 bis 10 TMG sind wir als Dienstanbieter jedoch nicht verpflichtet, \u00fcbermittelte oder gespeicherte fremde Informationen zu \u00fcberwachen oder nach Umst\u00e4nden zu forschen, die auf eine rechtswidrige T\u00e4tigkeit hinweisen. Verpflichtungen zur Entfernung oder Sperrung der Nutzung von Informationen nach den allgemeinen Gesetzen bleiben hiervon unber\u00fchrt.<\/p><p>Eine diesbez\u00fcgliche Haftung ist jedoch erst ab dem Zeitpunkt der Kenntniserlangung einer konkreten Rechtsverletzung m\u00f6glich. Bei Bekanntwerden von den o.g. Rechtsverletzungen werden wir diese Inhalte unverz\u00fcglich entfernen.<\/p><h3>Haftungsbeschr\u00e4nkung f\u00fcr externe Links<\/h3><p>Unsere Webseite enth\u00e4lt Links auf externe Webseiten Dritter. Auf die Inhalte dieser direkt oder indirekt verlinkten Webseiten haben wir keinen Einfluss. Daher k\u00f6nnen wir f\u00fcr die &#8222;externen Links&#8220; auch keine Gew\u00e4hr auf Richtigkeit der Inhalte \u00fcbernehmen. F\u00fcr die Inhalte der externen Links sind die jeweiligen Anbieter oder Betreiber (Urheber) der Seiten verantwortlich.<\/p><p>Die externen Links wurden zum Zeitpunkt der Linksetzung auf eventuelle Rechtsverst\u00f6\u00dfe \u00fcberpr\u00fcft und waren im Zeitpunkt der Linksetzung frei von rechtswidrigen Inhalten. Eine st\u00e4ndige inhaltliche \u00dcberpr\u00fcfung der externen Links ist ohne konkrete Anhaltspunkte einer Rechtsverletzung nicht m\u00f6glich. Bei direkten oder indirekten Verlinkungen auf die Webseiten Dritter, die au\u00dferhalb unseres Verantwortungsbereichs liegen, w\u00fcrden eine Haftungsverpflichtung ausschlie\u00dflich in dem Fall nur bestehen, wenn wir von den Inhalten Kenntnis erlangen und es uns technisch m\u00f6glich und zumutbar w\u00e4re, die Nutzung im Falle rechtswidriger Inhalte zu verhindern.<\/p><p>Diese Haftungsausschlusserkl\u00e4rung gilt auch innerhalb des eigenen Internetauftrittes &#8222;<a href=\"http:\/\/aloniro.com\/en\/\">www.aloniro.com<\/a>&#8220; gesetzten Links und Verweise von Fragestellern, Blogeintr\u00e4gen. F\u00fcr illegale, fehlerhafte oder unvollst\u00e4ndige Inhalte und insbesondere f\u00fcr Sch\u00e4den, die aus der Nutzung oder Nichtnutzung solcherart dargestellten Informationen entstehen, haftet allein der Dienstanbieter der Seite, auf welche verwiesen wurde, nicht derjenige, der \u00fcber Links auf die jeweilige Ver\u00f6ffentlichung lediglich verweist.<\/p><p>Werden uns Rechtsverletzungen bekannt, werden die externen Links durch uns unverz\u00fcglich entfernt.<\/p><h3><strong>Urheberrecht<\/strong><\/h3><p>Die auf unserer Webseite ver\u00f6ffentlichen Inhalte und Werke unterliegen dem deutschen Urheberrecht (<a href=\"http:\/\/www.gesetze-im-internet.de\/bundesrecht\/urhg\/gesamt.pdf\">http:\/\/www.gesetze-im-internet.de\/bundesrecht\/urhg\/gesamt.pdf<\/a>). Die Vervielf\u00e4ltigung, Bearbeitung, Verbreitung und jede Art der Verwertung des geistigen Eigentums in ideeller und materieller Sicht des Urhebers au\u00dferhalb der Grenzen des Urheberrechtes bed\u00fcrfen der vorherigen schriftlichen Zustimmung des jeweiligen Urhebers i.S.d. Urhebergesetzes (<a href=\"http:\/\/www.gesetze-im-internet.de\/bundesrecht\/urhg\/gesamt.pdf\">http:\/\/www.gesetze-im-internet.de\/bundesrecht\/urhg\/gesamt.pdf<\/a>). Downloads und Kopien dieser Seite sind nur f\u00fcr den privaten und nicht kommerziellen Gebrauch erlaubt. Sind die Inhalte auf unserer Webseite nicht von uns erstellt wurden, sind die Urheberrechte Dritter zu beachten. Die Inhalte Dritter werden als solche kenntlich gemacht. Sollten Sie trotzdem auf eine Urheberrechtsverletzung aufmerksam werden, bitten wir um einen entsprechenden Hinweis. Bei Bekanntwerden von Rechtsverletzungen werden wir derartige Inhalte unverz\u00fcglich entfernen.<\/p><p>Dieses Impressum wurde freundlicherweise von <a href=\"https:\/\/jurarat.de\/\">jurarat.de<\/a> zur Verf\u00fcgung gestellt.<\/p><p>Alle Fotos auf dieser Seite unterliegen dem Urheberrecht und dem Copyright von <strong>Dr. med. Rolf M\u00fcller<\/strong>. Das Copyright auf das Webseitendesign und den darin enthaltenen Elementen unterliegt dem Urheberrecht von <strong>Mona Riethm\u00fcller<\/strong> und <strong>Dr. med. Rolf M\u00fcller<\/strong>.<\/p>\t\t\t\t\t\t\t\t<\/div>\n\t\t\t\t<\/div>\n\t\t\t\t\t<\/div>\n\t\t<\/div>\n\t\t\t\t\t<\/div>\n\t\t<\/section>\n\t\t\t\t<section class=\"elementor-section elementor-top-section elementor-element elementor-element-ea1d826 elementor-section-boxed elementor-section-height-default elementor-section-height-default\" data-id=\"ea1d826\" data-element_type=\"section\">\n\t\t\t\t\t\t<div class=\"elementor-container elementor-column-gap-default\">\n\t\t\t\t\t<div class=\"elementor-column elementor-col-100 elementor-top-column elementor-element elementor-element-52e0e94\" data-id=\"52e0e94\" data-element_type=\"column\">\n\t\t\t<div class=\"elementor-widget-wrap elementor-element-populated\">\n\t\t\t\t\t\t<div class=\"elementor-element elementor-element-68864f9 elementor-widget-divider--view-line_icon elementor-view-default elementor-widget-divider--element-align-center elementor-widget elementor-widget-divider\" data-id=\"68864f9\" data-element_type=\"widget\" data-widget_type=\"divider.default\">\n\t\t\t\t<div class=\"elementor-widget-container\">\n\t\t\t\t\t\t\t<div class=\"elementor-divider\">\n\t\t\t<span class=\"elementor-divider-separator\">\n\t\t\t\t\t\t\t<div class=\"elementor-icon elementor-divider__element\">\n\t\t\t\t\t<i aria-hidden=\"true\" class=\"fas fa-balance-scale\"><\/i><\/div>\n\t\t\t\t\t\t<\/span>\n\t\t<\/div>\n\t\t\t\t\t\t<\/div>\n\t\t\t\t<\/div>\n\t\t\t\t<div class=\"elementor-element elementor-element-0de879b elementor-widget elementor-widget-text-editor\" data-id=\"0de879b\" data-element_type=\"widget\" data-widget_type=\"text-editor.default\">\n\t\t\t\t<div class=\"elementor-widget-container\">\n\t\t\t\t\t\t\t\t\t<p>Administrator <a href=\"http:\/\/aloniro.com\/wp-admin\/\">Login<\/a><\/p>\t\t\t\t\t\t\t\t<\/div>\n\t\t\t\t<\/div>\n\t\t\t\t\t<\/div>\n\t\t<\/div>\n\t\t\t\t\t<\/div>\n\t\t<\/section>\n\t\t\t\t<\/div>","protected":false},"excerpt":{"rendered":"<p>Impressum Angaben gem\u00e4\u00df \u00a7 5 TMG: Anwesen Aloniro Alonissos \/ Griechenland Steuernummer GR: 179207233 Finanzamt GR: Adresse: Vas.Irakleiou 38 -P.C. 546 23 Thessaloniki Email: doy.d-thessalonikis@aade.gr Name und Adresse: Dr. med. Rolf M\u00fcller Freinberg 3 4785 Freinberg \u00d6sterreich Kontaktaufnahme Email: info@aloniro.com Internet: www.aloniro.com F\u00fcr gezielte Anfragen kann unser Kontaktformular genutzt werden. F\u00fcr den Inhalt verantwortlich ist [&hellip;]<\/p>\n","protected":false},"author":1,"featured_media":0,"parent":0,"menu_order":0,"comment_status":"closed","ping_status":"closed","template":"","meta":{"ocean_post_layout":"full-screen","ocean_both_sidebars_style":"","ocean_both_sidebars_content_width":0,"ocean_both_sidebars_sidebars_width":0,"ocean_sidebar":"0","ocean_second_sidebar":"0","ocean_disable_margins":"enable","ocean_add_body_class":"","ocean_shortcode_before_top_bar":"","ocean_shortcode_after_top_bar":"","ocean_shortcode_before_header":"","ocean_shortcode_after_header":"","ocean_has_shortcode":"","ocean_shortcode_after_title":"","ocean_shortcode_before_footer_widgets":"","ocean_shortcode_after_footer_widgets":"","ocean_shortcode_before_footer_bottom":"","ocean_shortcode_after_footer_bottom":"","ocean_display_top_bar":"off","ocean_display_header":"default","ocean_header_style":"","ocean_center_header_left_menu":"0","ocean_custom_header_template":"0","ocean_custom_logo":0,"ocean_custom_retina_logo":0,"ocean_custom_logo_max_width":0,"ocean_custom_logo_tablet_max_width":0,"ocean_custom_logo_mobile_max_width":0,"ocean_custom_logo_max_height":0,"ocean_custom_logo_tablet_max_height":0,"ocean_custom_logo_mobile_max_height":0,"ocean_header_custom_menu":"0","ocean_menu_typo_font_family":"0","ocean_menu_typo_font_subset":"","ocean_menu_typo_font_size":0,"ocean_menu_typo_font_size_tablet":0,"ocean_menu_typo_font_size_mobile":0,"ocean_menu_typo_font_size_unit":"px","ocean_menu_typo_font_weight":"","ocean_menu_typo_font_weight_tablet":"","ocean_menu_typo_font_weight_mobile":"","ocean_menu_typo_transform":"","ocean_menu_typo_transform_tablet":"","ocean_menu_typo_transform_mobile":"","ocean_menu_typo_line_height":0,"ocean_menu_typo_line_height_tablet":0,"ocean_menu_typo_line_height_mobile":0,"ocean_menu_typo_line_height_unit":"","ocean_menu_typo_spacing":0,"ocean_menu_typo_spacing_tablet":0,"ocean_menu_typo_spacing_mobile":0,"ocean_menu_typo_spacing_unit":"","ocean_menu_link_color":"","ocean_menu_link_color_hover":"","ocean_menu_link_color_active":"","ocean_menu_link_background":"","ocean_menu_link_hover_background":"","ocean_menu_link_active_background":"","ocean_menu_social_links_bg":"","ocean_menu_social_hover_links_bg":"","ocean_menu_social_links_color":"","ocean_menu_social_hover_links_color":"","ocean_disable_title":"on","ocean_disable_heading":"default","ocean_post_title":"","ocean_post_subheading":"","ocean_post_title_style":"","ocean_post_title_background_color":"","ocean_post_title_background":0,"ocean_post_title_bg_image_position":"","ocean_post_title_bg_image_attachment":"","ocean_post_title_bg_image_repeat":"","ocean_post_title_bg_image_size":"","ocean_post_title_height":0,"ocean_post_title_bg_overlay":0.5,"ocean_post_title_bg_overlay_color":"","ocean_disable_breadcrumbs":"default","ocean_breadcrumbs_color":"","ocean_breadcrumbs_separator_color":"","ocean_breadcrumbs_links_color":"","ocean_breadcrumbs_links_hover_color":"","ocean_display_footer_widgets":"on","ocean_display_footer_bottom":"off","ocean_custom_footer_template":"0","footnotes":""},"yoast_head":"<!-- This site is optimized with the Yoast SEO plugin v23.5 - https:\/\/yoast.com\/wordpress\/plugins\/seo\/ -->\n<title>Impressum - Aloniro<\/title>\n<meta name=\"robots\" content=\"index, follow, max-snippet:-1, max-image-preview:large, max-video-preview:-1\" \/>\n<link rel=\"canonical\" href=\"https:\/\/aloniro.com\/en\/impressum\/\" \/>\n<meta property=\"og:locale\" content=\"en_GB\" \/>\n<meta property=\"og:type\" content=\"article\" \/>\n<meta property=\"og:title\" content=\"Impressum - Aloniro\" \/>\n<meta property=\"og:description\" content=\"Impressum Angaben gem\u00e4\u00df \u00a7 5 TMG: Anwesen Aloniro Alonissos \/ Griechenland Steuernummer GR: 179207233 Finanzamt GR: Adresse: Vas.Irakleiou 38 -P.C. 546 23 Thessaloniki Email: doy.d-thessalonikis@aade.gr Name und Adresse: Dr. med. Rolf M\u00fcller Freinberg 3 4785 Freinberg \u00d6sterreich Kontaktaufnahme Email: info@aloniro.com Internet: www.aloniro.com F\u00fcr gezielte Anfragen kann unser Kontaktformular genutzt werden. F\u00fcr den Inhalt verantwortlich ist [&hellip;]\" \/>\n<meta property=\"og:url\" content=\"https:\/\/aloniro.com\/en\/impressum\/\" \/>\n<meta property=\"og:site_name\" content=\"Aloniro\" \/>\n<meta property=\"article:publisher\" content=\"https:\/\/www.facebook.com\/Aloniro\" \/>\n<meta property=\"article:modified_time\" content=\"2023-09-24T16:31:46+00:00\" \/>\n<meta property=\"og:image\" content=\"https:\/\/aloniro.com\/wp-content\/uploads\/2022\/12\/Bild53.jpg\" \/>\n\t<meta property=\"og:image:width\" content=\"373\" \/>\n\t<meta property=\"og:image:height\" content=\"279\" \/>\n\t<meta property=\"og:image:type\" content=\"image\/jpeg\" \/>\n<meta name=\"twitter:card\" content=\"summary_large_image\" \/>\n<meta name=\"twitter:label1\" content=\"Estimated reading time\" \/>\n\t<meta name=\"twitter:data1\" content=\"4 minutes\" \/>\n<script type=\"application\/ld+json\" class=\"yoast-schema-graph\">{\"@context\":\"https:\/\/schema.org\",\"@graph\":[{\"@type\":\"WebPage\",\"@id\":\"https:\/\/aloniro.com\/impressum\/\",\"url\":\"https:\/\/aloniro.com\/impressum\/\",\"name\":\"Impressum - Aloniro\",\"isPartOf\":{\"@id\":\"https:\/\/aloniro.com\/#website\"},\"datePublished\":\"2022-04-20T21:20:20+00:00\",\"dateModified\":\"2023-09-24T16:31:46+00:00\",\"breadcrumb\":{\"@id\":\"https:\/\/aloniro.com\/impressum\/#breadcrumb\"},\"inLanguage\":\"en-GB\",\"potentialAction\":[{\"@type\":\"ReadAction\",\"target\":[\"https:\/\/aloniro.com\/impressum\/\"]}]},{\"@type\":\"BreadcrumbList\",\"@id\":\"https:\/\/aloniro.com\/impressum\/#breadcrumb\",\"itemListElement\":[{\"@type\":\"ListItem\",\"position\":1,\"name\":\"Startseite\",\"item\":\"https:\/\/aloniro.com\/\"},{\"@type\":\"ListItem\",\"position\":2,\"name\":\"Impressum\"}]},{\"@type\":\"WebSite\",\"@id\":\"https:\/\/aloniro.com\/#website\",\"url\":\"https:\/\/aloniro.com\/\",\"name\":\"Aloniro\",\"description\":\"\",\"potentialAction\":[{\"@type\":\"SearchAction\",\"target\":{\"@type\":\"EntryPoint\",\"urlTemplate\":\"https:\/\/aloniro.com\/?s={search_term_string}\"},\"query-input\":{\"@type\":\"PropertyValueSpecification\",\"valueRequired\":true,\"valueName\":\"search_term_string\"}}],\"inLanguage\":\"en-GB\"}]}<\/script>\n<!-- \/ Yoast SEO plugin. -->","yoast_head_json":{"title":"Impressum - Aloniro","robots":{"index":"index","follow":"follow","max-snippet":"max-snippet:-1","max-image-preview":"max-image-preview:large","max-video-preview":"max-video-preview:-1"},"canonical":"https:\/\/aloniro.com\/en\/impressum\/","og_locale":"en_GB","og_type":"article","og_title":"Impressum - Aloniro","og_description":"Impressum Angaben gem\u00e4\u00df \u00a7 5 TMG: Anwesen Aloniro Alonissos \/ Griechenland Steuernummer GR: 179207233 Finanzamt GR: Adresse: Vas.Irakleiou 38 -P.C. 546 23 Thessaloniki Email: doy.d-thessalonikis@aade.gr Name und Adresse: Dr. med. Rolf M\u00fcller Freinberg 3 4785 Freinberg \u00d6sterreich Kontaktaufnahme Email: info@aloniro.com Internet: www.aloniro.com F\u00fcr gezielte Anfragen kann unser Kontaktformular genutzt werden. F\u00fcr den Inhalt verantwortlich ist [&hellip;]","og_url":"https:\/\/aloniro.com\/en\/impressum\/","og_site_name":"Aloniro","article_publisher":"https:\/\/www.facebook.com\/Aloniro","article_modified_time":"2023-09-24T16:31:46+00:00","og_image":[{"width":373,"height":279,"url":"https:\/\/aloniro.com\/wp-content\/uploads\/2022\/12\/Bild53.jpg","type":"image\/jpeg"}],"twitter_card":"summary_large_image","twitter_misc":{"Estimated reading time":"4 minutes"},"schema":{"@context":"https:\/\/schema.org","@graph":[{"@type":"WebPage","@id":"https:\/\/aloniro.com\/impressum\/","url":"https:\/\/aloniro.com\/impressum\/","name":"Impressum - Aloniro","isPartOf":{"@id":"https:\/\/aloniro.com\/#website"},"datePublished":"2022-04-20T21:20:20+00:00","dateModified":"2023-09-24T16:31:46+00:00","breadcrumb":{"@id":"https:\/\/aloniro.com\/impressum\/#breadcrumb"},"inLanguage":"en-GB","potentialAction":[{"@type":"ReadAction","target":["https:\/\/aloniro.com\/impressum\/"]}]},{"@type":"BreadcrumbList","@id":"https:\/\/aloniro.com\/impressum\/#breadcrumb","itemListElement":[{"@type":"ListItem","position":1,"name":"Startseite","item":"https:\/\/aloniro.com\/"},{"@type":"ListItem","position":2,"name":"Impressum"}]},{"@type":"WebSite","@id":"https:\/\/aloniro.com\/#website","url":"https:\/\/aloniro.com\/","name":"Aloniro","description":"","potentialAction":[{"@type":"SearchAction","target":{"@type":"EntryPoint","urlTemplate":"https:\/\/aloniro.com\/?s={search_term_string}"},"query-input":{"@type":"PropertyValueSpecification","valueRequired":true,"valueName":"search_term_string"}}],"inLanguage":"en-GB"}]}},"_links":{"self":[{"href":"http:\/\/aloniro.com\/en\/wp-json\/wp\/v2\/pages\/851"}],"collection":[{"href":"http:\/\/aloniro.com\/en\/wp-json\/wp\/v2\/pages"}],"about":[{"href":"http:\/\/aloniro.com\/en\/wp-json\/wp\/v2\/types\/page"}],"author":[{"embeddable":true,"href":"http:\/\/aloniro.com\/en\/wp-json\/wp\/v2\/users\/1"}],"replies":[{"embeddable":true,"href":"http:\/\/aloniro.com\/en\/wp-json\/wp\/v2\/comments?post=851"}],"version-history":[{"count":84,"href":"http:\/\/aloniro.com\/en\/wp-json\/wp\/v2\/pages\/851\/revisions"}],"predecessor-version":[{"id":2825,"href":"http:\/\/aloniro.com\/en\/wp-json\/wp\/v2\/pages\/851\/revisions\/2825"}],"wp:attachment":[{"href":"http:\/\/aloniro.com\/en\/wp-json\/wp\/v2\/media?parent=851"}],"curies":[{"name":"wp","href":"https:\/\/api.w.org\/{rel}","templated":true}]}}