{"id":403,"date":"2022-03-25T17:12:34","date_gmt":"2022-03-25T16:12:34","guid":{"rendered":"http:\/\/localhost\/?page_id=403"},"modified":"2023-09-24T16:29:35","modified_gmt":"2023-09-24T16:29:35","slug":"datenschutz","status":"publish","type":"page","link":"http:\/\/aloniro.com\/en\/datenschutz\/","title":{"rendered":"Data privacy"},"content":{"rendered":"<div data-elementor-type=\"wp-page\" data-elementor-id=\"403\" class=\"elementor elementor-403\">\n\t\t\t\t\t\t<section class=\"elementor-section elementor-top-section elementor-element elementor-element-428c643 elementor-section-boxed elementor-section-height-default elementor-section-height-default\" data-id=\"428c643\" data-element_type=\"section\">\n\t\t\t\t\t\t<div class=\"elementor-container elementor-column-gap-default\">\n\t\t\t\t\t<div class=\"elementor-column elementor-col-100 elementor-top-column elementor-element elementor-element-39193d1\" data-id=\"39193d1\" data-element_type=\"column\">\n\t\t\t<div class=\"elementor-widget-wrap elementor-element-populated\">\n\t\t\t\t\t\t<div class=\"elementor-element elementor-element-09e1d50 elementor-widget elementor-widget-heading\" data-id=\"09e1d50\" data-element_type=\"widget\" data-widget_type=\"heading.default\">\n\t\t\t\t<div class=\"elementor-widget-container\">\n\t\t\t\t\t<h2 class=\"elementor-heading-title elementor-size-default\">Datenschutzerkl\u00e4rung<\/h2>\t\t\t\t<\/div>\n\t\t\t\t<\/div>\n\t\t\t\t<div class=\"elementor-element elementor-element-fdfe0af elementor-widget-divider--view-line_icon elementor-view-default elementor-widget-divider--element-align-center elementor-widget elementor-widget-divider\" data-id=\"fdfe0af\" data-element_type=\"widget\" data-widget_type=\"divider.default\">\n\t\t\t\t<div class=\"elementor-widget-container\">\n\t\t\t\t\t\t\t<div class=\"elementor-divider\">\n\t\t\t<span class=\"elementor-divider-separator\">\n\t\t\t\t\t\t\t<div class=\"elementor-icon elementor-divider__element\">\n\t\t\t\t\t<i aria-hidden=\"true\" class=\"fas fa-balance-scale\"><\/i><\/div>\n\t\t\t\t\t\t<\/span>\n\t\t<\/div>\n\t\t\t\t\t\t<\/div>\n\t\t\t\t<\/div>\n\t\t\t\t<div class=\"elementor-element elementor-element-39792e8 elementor-widget elementor-widget-text-editor\" data-id=\"39792e8\" data-element_type=\"widget\" data-widget_type=\"text-editor.default\">\n\t\t\t\t<div class=\"elementor-widget-container\">\n\t\t\t\t\t\t\t\t\t<p><strong>Verantwortlich im Sinne der Datenschutzgesetzes:<\/strong><br \/>Dr. med. Rolf M\u00fcller<br \/>Freinberg 33<br \/>4785 Freinberg<br \/>\u00d6sterreich<\/p><p><strong>Data privacy<\/strong><br \/>Als Webseitenbetreiber nehmen wir den Schutz aller pers\u00f6nlichen Daten sehr ernst. Alle personenbezogenen Informationen werden vertraulich und gem\u00e4\u00df den gesetzlichen Vorschriften behandelt, wie in dieser Datenschutzerkl\u00e4rung erl\u00e4utert. <em>Ihre Daten werden nicht weitergegeben, sondern dienen einzig und allein der eigenen Organisation!<\/em> Unserer Webseite kann selbstverst\u00e4ndlich genutzt werden, ohne dass Sie pers\u00f6nliche Daten angeben. Wenn jedoch zu irgendeinem Zeitpunkt pers\u00f6nliche Daten wie z.B. Name, Adresse oder E-Mail abgefragt werden, wird dies auf freiwilliger Basis geschehen. Niemals werden von uns erhobene Daten ohne Ihre spezielle Genehmigung an Dritte weitergegeben. Daten\u00fcbertragung im Internet, wie zum Beispiel \u00fcber E-Mail, kann immer Sicherheitsl\u00fccken aufweisen. Der l\u00fcckenlose Schutz der Daten ist im Internet nicht m\u00f6glich.<\/p><p><strong>Facebook-Plugins (Like-Button)<\/strong><br \/>Auf unseren Seiten werden Plugins von Facebook genutzt, Anbieter ist die Facebook Inc., 1 Hacker Way, Menlo Park, California 94025, USA. Facebook-Plugins sind mit einem Facebook-Logo markiert oder zeigen einen \u201cLike-Button\u201d (\u201cGef\u00e4llt mir\u201d). Mehr Informationen \u00fcber Facebook-Plugins finden Sie hier: http:\/\/developers.facebook.com\/docs\/plugins\/. Beim Besuch unserer Webseite stellt das Plugin eine direkte Verbindung zwischen Ihrem Webbrowser und dem Facebook-Server her. Dabei wird \u00fcbermittelt, dass Sie sich mit Ihrer IP-Adresse auf unsere Webseite begeben haben. Wird der Facebook \u201cLike-Button\u201d angeklickt, w\u00e4hrend Sie in Ihrem Facebook-Account eingeloggt sind, k\u00f6nnen bestimmte Inhalte unserer Webseiten mit Ihrem Facebook-Profil verlinkt werden. In diesem Prozess ist es Facebook m\u00f6glich, ihren Besuch auf unseren Webseiten mit ihrem Benutzerkonto zu speichern. Als Webseitenbetreiber haben wir keine Informationen dar\u00fcber, welche Daten \u00fcbermittelt werden und wie diese genutzt werden. Mehr Informationen dazu finden Sie hier:<br \/>http:\/\/de-de.facebook.com\/policy.php.<br \/>Um zu vermeiden, dass Facebook Ihren Besuch auf unserer Webseite verfolgt, melden Sie sich bitte vor Nutzung unseres Angebots bei Facebook ab.\u00a0<\/p><p><strong>Auskunft, L\u00f6schung, Sperrung<\/strong><br \/>Zu jedem Zeitpunkt k\u00f6nnen Sie sich \u00fcber die personenbezogenen Daten, deren Herkunft und Empf\u00e4nger und den Nutzen der Datenverarbeitung informieren und unentgeltlich eine Korrektur, Sperrung oder L\u00f6schung dieser Daten verlangen. Bitte nutzen Sie daf\u00fcr die im Impressum angegebenen Kontaktwege. F\u00fcr weitere Fragen zum Thema stehen wir Ihnen ebenfalls jederzeit zur Verf\u00fcgung.<\/p><p><strong>Server-Log-Files<\/strong><br \/>Der Seiten-Provider erhebt und speichert automatisch Daten in Server-Log Files, die von Ihrem Browser an uns \u00fcbermittelt werden. Diese Daten enthalten:<br \/>\u2013 Browsertyp\/ Browserversion<br \/>\u2013 Betriebssystem des Rechners<br \/>\u2013 Referrer URL<br \/>\u2013 Hostname des zugreifenden Rechners<br \/>\u2013 Uhrzeit der Serveranfrage<br \/>Diese Daten sind nicht personenbezogen. Es erfolgt keine Zusammenf\u00fchrung dieser Daten mit anderen Datenquellen. Wenn uns konkrete Anhaltspunkte f\u00fcr eine rechtswidrige Nutzung bekannt werden behalten wir uns das Recht vor, diese Daten nachtr\u00e4glich zu \u00fcberpr\u00fcfen.<\/p><p><strong>Cookies<\/strong><br \/>Viele Internetseiten verwenden Cookies. Cookies sind unsch\u00e4dlich f\u00fcr Ihren Rechner und virenfrei. Sie dienen dazu, Internet-Angebote f\u00fcr die Besucher einer freundlicher, effektiver und sicherer zu machen. Cookies sind kleine Textdateien, die auf Ihrem Computer abgelegt werden und die Ihr Browser verwendet. Wir verwenden in der Regel so genannte \u201eSession-Cookies\u201c. Diese werden nach Verlassen unserer Seite automatisch gel\u00f6scht. Andere Cookies bleiben auf Ihrem Computer gespeichert, bis Sie diese l\u00f6schen. Diese Cookies helfen dabei, Ihren Rechner beim n\u00e4chsten Besuch wiederzuerkennen.<br \/>\u00dcber die Browsereinstellungen k\u00f6nnen sie festlegen, dass Sie \u00fcber neue Cookies informiert werden und Cookies jeweils annehmen m\u00fcssen. Ebenso k\u00f6nnen Sie die Annahme von Cookies f\u00fcr bestimmte F\u00e4lle oder generell ausschlie\u00dfen oder das automatische L\u00f6schen der Cookies beim Schlie\u00dfen des Browser aktivieren. Werden Cookies deaktiviert, kann die Funktionalit\u00e4t unserer Website eingeschr\u00e4nkt sein.<\/p><p><strong>Kontaktformular<\/strong><br \/>Kontaktdaten, die uns \u00fcber unser Kontaktformular erreichen, werden inklusive des Inhalts der Anfrage f\u00fcr Bearbeitungszwecke und f\u00fcr m\u00f6gliche Anschlussfragen gespeichert. Diese Daten werden ohne Ihre spezifische Zustimmung nicht weitergegeben.<\/p><p><strong>\u00c4nderung der Datenschutzbestimmungen<\/strong><br \/>Unsere Datenschutzerkl\u00e4rung k\u00f6nnen in unregelm\u00e4\u00dfigen Abst\u00e4nden angepasst werden, damit sie den aktuellen rechtlichen Anforderungen entsprechen oder um \u00c4nderungen unserer Dienstleistungen umzusetzen, z. B. bei der Einf\u00fcgung neuer Angebote. F\u00fcr Ihren n\u00e4chsten Besuch gilt dann automatisch die neue <strong>Datenschutzerkl\u00e4rung<\/strong>.<\/p><p><strong>Kontakt zum Datenschutzmitarbeiter<\/strong><br \/>F\u00fcr Fragen zum Datenschutz schicken Sie uns bitte eine Nachricht an <a href=\"mailto:info@aloniro.com\">info@aloniro.com<\/a>\u00a0mit dem Betreff \u201eDatenschutz\u201c.<\/p><p>Diese Widerrufsbelehrungsseite wurde bei <a href=\"https:\/\/datenschutzerkl\u00e4rungmuster.de\/\">datenschutzerkl\u00e4rungmuster.de<\/a> erstellt<\/p>\t\t\t\t\t\t\t\t<\/div>\n\t\t\t\t<\/div>\n\t\t\t\t\t<\/div>\n\t\t<\/div>\n\t\t\t\t\t<\/div>\n\t\t<\/section>\n\t\t\t\t<\/div>","protected":false},"excerpt":{"rendered":"<p>Datenschutzerkl\u00e4rung Verantwortlich im Sinne der Datenschutzgesetzes:Dr. med. Rolf M\u00fcllerFreinberg 334785 Freinberg\u00d6sterreich DatenschutzAls Webseitenbetreiber nehmen wir den Schutz aller pers\u00f6nlichen Daten sehr ernst. Alle personenbezogenen Informationen werden vertraulich und gem\u00e4\u00df den gesetzlichen Vorschriften behandelt, wie in dieser Datenschutzerkl\u00e4rung erl\u00e4utert. Ihre Daten werden nicht weitergegeben, sondern dienen einzig und allein der eigenen Organisation! Unserer Webseite kann selbstverst\u00e4ndlich [&hellip;]<\/p>\n","protected":false},"author":1,"featured_media":0,"parent":0,"menu_order":0,"comment_status":"closed","ping_status":"closed","template":"","meta":{"ocean_post_layout":"full-screen","ocean_both_sidebars_style":"","ocean_both_sidebars_content_width":0,"ocean_both_sidebars_sidebars_width":0,"ocean_sidebar":"0","ocean_second_sidebar":"0","ocean_disable_margins":"enable","ocean_add_body_class":"","ocean_shortcode_before_top_bar":"","ocean_shortcode_after_top_bar":"","ocean_shortcode_before_header":"","ocean_shortcode_after_header":"","ocean_has_shortcode":"","ocean_shortcode_after_title":"","ocean_shortcode_before_footer_widgets":"","ocean_shortcode_after_footer_widgets":"","ocean_shortcode_before_footer_bottom":"","ocean_shortcode_after_footer_bottom":"","ocean_display_top_bar":"off","ocean_display_header":"default","ocean_header_style":"","ocean_center_header_left_menu":"0","ocean_custom_header_template":"0","ocean_custom_logo":0,"ocean_custom_retina_logo":0,"ocean_custom_logo_max_width":0,"ocean_custom_logo_tablet_max_width":0,"ocean_custom_logo_mobile_max_width":0,"ocean_custom_logo_max_height":0,"ocean_custom_logo_tablet_max_height":0,"ocean_custom_logo_mobile_max_height":0,"ocean_header_custom_menu":"0","ocean_menu_typo_font_family":"0","ocean_menu_typo_font_subset":"","ocean_menu_typo_font_size":0,"ocean_menu_typo_font_size_tablet":0,"ocean_menu_typo_font_size_mobile":0,"ocean_menu_typo_font_size_unit":"px","ocean_menu_typo_font_weight":"","ocean_menu_typo_font_weight_tablet":"","ocean_menu_typo_font_weight_mobile":"","ocean_menu_typo_transform":"","ocean_menu_typo_transform_tablet":"","ocean_menu_typo_transform_mobile":"","ocean_menu_typo_line_height":0,"ocean_menu_typo_line_height_tablet":0,"ocean_menu_typo_line_height_mobile":0,"ocean_menu_typo_line_height_unit":"","ocean_menu_typo_spacing":0,"ocean_menu_typo_spacing_tablet":0,"ocean_menu_typo_spacing_mobile":0,"ocean_menu_typo_spacing_unit":"","ocean_menu_link_color":"","ocean_menu_link_color_hover":"","ocean_menu_link_color_active":"","ocean_menu_link_background":"","ocean_menu_link_hover_background":"","ocean_menu_link_active_background":"","ocean_menu_social_links_bg":"","ocean_menu_social_hover_links_bg":"","ocean_menu_social_links_color":"","ocean_menu_social_hover_links_color":"","ocean_disable_title":"on","ocean_disable_heading":"default","ocean_post_title":"","ocean_post_subheading":"","ocean_post_title_style":"","ocean_post_title_background_color":"","ocean_post_title_background":0,"ocean_post_title_bg_image_position":"","ocean_post_title_bg_image_attachment":"","ocean_post_title_bg_image_repeat":"","ocean_post_title_bg_image_size":"","ocean_post_title_height":0,"ocean_post_title_bg_overlay":0.5,"ocean_post_title_bg_overlay_color":"","ocean_disable_breadcrumbs":"default","ocean_breadcrumbs_color":"","ocean_breadcrumbs_separator_color":"","ocean_breadcrumbs_links_color":"","ocean_breadcrumbs_links_hover_color":"","ocean_display_footer_widgets":"on","ocean_display_footer_bottom":"off","ocean_custom_footer_template":"0","footnotes":""},"yoast_head":"<!-- This site is optimized with the Yoast SEO plugin v23.5 - https:\/\/yoast.com\/wordpress\/plugins\/seo\/ -->\n<title>Datenschutz - Aloniro<\/title>\n<meta name=\"robots\" content=\"index, follow, max-snippet:-1, max-image-preview:large, max-video-preview:-1\" \/>\n<link rel=\"canonical\" href=\"https:\/\/aloniro.com\/en\/datenschutz\/\" \/>\n<meta property=\"og:locale\" content=\"en_GB\" \/>\n<meta property=\"og:type\" content=\"article\" \/>\n<meta property=\"og:title\" content=\"Datenschutz - Aloniro\" \/>\n<meta property=\"og:description\" content=\"Datenschutzerkl\u00e4rung Verantwortlich im Sinne der Datenschutzgesetzes:Dr. med. Rolf M\u00fcllerFreinberg 334785 Freinberg\u00d6sterreich DatenschutzAls Webseitenbetreiber nehmen wir den Schutz aller pers\u00f6nlichen Daten sehr ernst. Alle personenbezogenen Informationen werden vertraulich und gem\u00e4\u00df den gesetzlichen Vorschriften behandelt, wie in dieser Datenschutzerkl\u00e4rung erl\u00e4utert. Ihre Daten werden nicht weitergegeben, sondern dienen einzig und allein der eigenen Organisation! Unserer Webseite kann selbstverst\u00e4ndlich [&hellip;]\" \/>\n<meta property=\"og:url\" content=\"https:\/\/aloniro.com\/en\/datenschutz\/\" \/>\n<meta property=\"og:site_name\" content=\"Aloniro\" \/>\n<meta property=\"article:publisher\" content=\"https:\/\/www.facebook.com\/Aloniro\" \/>\n<meta property=\"article:modified_time\" content=\"2023-09-24T16:29:35+00:00\" \/>\n<meta property=\"og:image\" content=\"https:\/\/aloniro.com\/wp-content\/uploads\/2022\/12\/Bild53.jpg\" \/>\n\t<meta property=\"og:image:width\" content=\"373\" \/>\n\t<meta property=\"og:image:height\" content=\"279\" \/>\n\t<meta property=\"og:image:type\" content=\"image\/jpeg\" \/>\n<meta name=\"twitter:card\" content=\"summary_large_image\" \/>\n<meta name=\"twitter:label1\" content=\"Estimated reading time\" \/>\n\t<meta name=\"twitter:data1\" content=\"4 minutes\" \/>\n<script type=\"application\/ld+json\" class=\"yoast-schema-graph\">{\"@context\":\"https:\/\/schema.org\",\"@graph\":[{\"@type\":\"WebPage\",\"@id\":\"https:\/\/aloniro.com\/datenschutz\/\",\"url\":\"https:\/\/aloniro.com\/datenschutz\/\",\"name\":\"Datenschutz - Aloniro\",\"isPartOf\":{\"@id\":\"https:\/\/aloniro.com\/#website\"},\"datePublished\":\"2022-03-25T16:12:34+00:00\",\"dateModified\":\"2023-09-24T16:29:35+00:00\",\"breadcrumb\":{\"@id\":\"https:\/\/aloniro.com\/datenschutz\/#breadcrumb\"},\"inLanguage\":\"en-GB\",\"potentialAction\":[{\"@type\":\"ReadAction\",\"target\":[\"https:\/\/aloniro.com\/datenschutz\/\"]}]},{\"@type\":\"BreadcrumbList\",\"@id\":\"https:\/\/aloniro.com\/datenschutz\/#breadcrumb\",\"itemListElement\":[{\"@type\":\"ListItem\",\"position\":1,\"name\":\"Startseite\",\"item\":\"https:\/\/aloniro.com\/\"},{\"@type\":\"ListItem\",\"position\":2,\"name\":\"Datenschutz\"}]},{\"@type\":\"WebSite\",\"@id\":\"https:\/\/aloniro.com\/#website\",\"url\":\"https:\/\/aloniro.com\/\",\"name\":\"Aloniro\",\"description\":\"\",\"potentialAction\":[{\"@type\":\"SearchAction\",\"target\":{\"@type\":\"EntryPoint\",\"urlTemplate\":\"https:\/\/aloniro.com\/?s={search_term_string}\"},\"query-input\":{\"@type\":\"PropertyValueSpecification\",\"valueRequired\":true,\"valueName\":\"search_term_string\"}}],\"inLanguage\":\"en-GB\"}]}<\/script>\n<!-- \/ Yoast SEO plugin. -->","yoast_head_json":{"title":"Datenschutz - Aloniro","robots":{"index":"index","follow":"follow","max-snippet":"max-snippet:-1","max-image-preview":"max-image-preview:large","max-video-preview":"max-video-preview:-1"},"canonical":"https:\/\/aloniro.com\/en\/datenschutz\/","og_locale":"en_GB","og_type":"article","og_title":"Datenschutz - Aloniro","og_description":"Datenschutzerkl\u00e4rung Verantwortlich im Sinne der Datenschutzgesetzes:Dr. med. Rolf M\u00fcllerFreinberg 334785 Freinberg\u00d6sterreich DatenschutzAls Webseitenbetreiber nehmen wir den Schutz aller pers\u00f6nlichen Daten sehr ernst. Alle personenbezogenen Informationen werden vertraulich und gem\u00e4\u00df den gesetzlichen Vorschriften behandelt, wie in dieser Datenschutzerkl\u00e4rung erl\u00e4utert. Ihre Daten werden nicht weitergegeben, sondern dienen einzig und allein der eigenen Organisation! Unserer Webseite kann selbstverst\u00e4ndlich [&hellip;]","og_url":"https:\/\/aloniro.com\/en\/datenschutz\/","og_site_name":"Aloniro","article_publisher":"https:\/\/www.facebook.com\/Aloniro","article_modified_time":"2023-09-24T16:29:35+00:00","og_image":[{"width":373,"height":279,"url":"https:\/\/aloniro.com\/wp-content\/uploads\/2022\/12\/Bild53.jpg","type":"image\/jpeg"}],"twitter_card":"summary_large_image","twitter_misc":{"Estimated reading time":"4 minutes"},"schema":{"@context":"https:\/\/schema.org","@graph":[{"@type":"WebPage","@id":"https:\/\/aloniro.com\/datenschutz\/","url":"https:\/\/aloniro.com\/datenschutz\/","name":"Datenschutz - Aloniro","isPartOf":{"@id":"https:\/\/aloniro.com\/#website"},"datePublished":"2022-03-25T16:12:34+00:00","dateModified":"2023-09-24T16:29:35+00:00","breadcrumb":{"@id":"https:\/\/aloniro.com\/datenschutz\/#breadcrumb"},"inLanguage":"en-GB","potentialAction":[{"@type":"ReadAction","target":["https:\/\/aloniro.com\/datenschutz\/"]}]},{"@type":"BreadcrumbList","@id":"https:\/\/aloniro.com\/datenschutz\/#breadcrumb","itemListElement":[{"@type":"ListItem","position":1,"name":"Startseite","item":"https:\/\/aloniro.com\/"},{"@type":"ListItem","position":2,"name":"Datenschutz"}]},{"@type":"WebSite","@id":"https:\/\/aloniro.com\/#website","url":"https:\/\/aloniro.com\/","name":"Aloniro","description":"","potentialAction":[{"@type":"SearchAction","target":{"@type":"EntryPoint","urlTemplate":"https:\/\/aloniro.com\/?s={search_term_string}"},"query-input":{"@type":"PropertyValueSpecification","valueRequired":true,"valueName":"search_term_string"}}],"inLanguage":"en-GB"}]}},"_links":{"self":[{"href":"http:\/\/aloniro.com\/en\/wp-json\/wp\/v2\/pages\/403"}],"collection":[{"href":"http:\/\/aloniro.com\/en\/wp-json\/wp\/v2\/pages"}],"about":[{"href":"http:\/\/aloniro.com\/en\/wp-json\/wp\/v2\/types\/page"}],"author":[{"embeddable":true,"href":"http:\/\/aloniro.com\/en\/wp-json\/wp\/v2\/users\/1"}],"replies":[{"embeddable":true,"href":"http:\/\/aloniro.com\/en\/wp-json\/wp\/v2\/comments?post=403"}],"version-history":[{"count":47,"href":"http:\/\/aloniro.com\/en\/wp-json\/wp\/v2\/pages\/403\/revisions"}],"predecessor-version":[{"id":2822,"href":"http:\/\/aloniro.com\/en\/wp-json\/wp\/v2\/pages\/403\/revisions\/2822"}],"wp:attachment":[{"href":"http:\/\/aloniro.com\/en\/wp-json\/wp\/v2\/media?parent=403"}],"curies":[{"name":"wp","href":"https:\/\/api.w.org\/{rel}","templated":true}]}}